{"id":73,"date":"2018-12-11T16:47:42","date_gmt":"2018-12-11T15:47:42","guid":{"rendered":"http:\/\/rechtsanwalt-deluise.de\/?page_id=73"},"modified":"2018-12-11T17:02:20","modified_gmt":"2018-12-11T16:02:20","slug":"rechtsgebiete","status":"publish","type":"page","link":"https:\/\/rechtsanwalt-deluise.de\/?page_id=73","title":{"rendered":"Rechtsgebiete"},"content":{"rendered":"\n<h2><\/h2>\n\n\n\n<ul><li><strong>T\u00c4TIGKEITSSCHWERPUNKTE\n<\/strong><\/li><\/ul>\n\n\n\n<p>Immobilien- und Grundst\u00fccksrecht:<\/p>\n\n\n\n<ul><li>Die Rechtsanwaltskanzlei De Luise ber\u00e4t Sie beim Erwerb\neines Grundst\u00fccks, eines Hauses oder &nbsp;einer Eigentumswohnung, unterst\u00fctzt Sie bei\nder Abwicklung etwaiger Kaufvertr\u00e4ge und beantwortet Ihre Fragen zum\nGrundst\u00fccksrecht und Immobilienrecht. Das Immobilienrecht beinhaltet zahlreiche\nAspekte, wie z.B. den Erwerb, die Bebauung, den Besitz und die Verwaltung der\nImmobilie. Es bedarf bereits im Vorfeld des Erwerbs oder der Ver\u00e4u\u00dferung einer\nImmobilie einer fundierten rechtlichen Beratung, damit fr\u00fchzeitig, also bestenfalls\nschon bei der Kaufvertragsgestaltung Ihre rechtlichen und wirtschaftlichen\nInteressen ber\u00fccksichtigt werden k\u00f6nnen.<\/li><\/ul>\n\n\n\n<p>Miet- und Pachtrecht (allgemeines\nund gewerbliches):<\/p>\n\n\n\n<ul><li>Die Beratung erfolgt f\u00fcr Sie als Vermieter oder Verp\u00e4chter. Dies\ngilt f\u00fcr s\u00e4mtliche Bereiche des privaten oder gewerblichen Miet- oder\nPachtrechts, insbesondere der Vertragsgestaltung, der Betriebskostenumlage und\n-abrechnung, der Renovierungs- und Instandsetzungspflichten&nbsp;sowie nicht\nzuletzt auch der K\u00fcndigung des Miet- oder Pachtverh\u00e4ltnisses und der unter\nUmst\u00e4nden anschlie\u00dfend erforderlichen zwangsweisen R\u00e4umung des Miet- oder Pachtobjektes.<\/li><\/ul>\n\n\n\n<p>Nachbarrecht:<\/p>\n\n\n\n<ul><li>Das Nachbarrecht befasst sich z. B. mit\nRegelungen, wie Einfriedungen, Hecken oder Z\u00e4une auszusehen haben, wer die\nKosten f\u00fcr die Ersteinrichtung, die Unterhaltung und Pflege und Erneuerung zu\ntragen hat, in welchem Abstand B\u00e4ume und Str\u00e4ucher von der Nachbargrenze\nentfernt gepflanzt werden d\u00fcrfen und was mit \u00fcberh\u00e4ngenden Zweigen sowie\n\u00fcberwachsenden Wurzeln zu geschehen hat. Auch die Frage nach der Abwehr oder\nder Duldung von Immissionen (Zuleitungen) von Nachbargrundst\u00fccken oder\nWohnungen ist h\u00e4ufig Anlass f\u00fcr eine Rechtsberatung.<\/li><\/ul>\n\n\n\n<p>Consulenza Legale: <\/p>\n\n\n\n<ul><li>Die Rechtsberatung durch die\nRechtsanwaltskanzlei De Luise kann auf Wunsch gerne in italienischer Sprache\nerfolgen.<\/li><\/ul>\n\n\n\n<p><\/p>\n","protected":false},"excerpt":{"rendered":"<p>T\u00c4TIGKEITSSCHWERPUNKTE Immobilien- und Grundst\u00fccksrecht: Die Rechtsanwaltskanzlei De Luise ber\u00e4t Sie beim Erwerb eines Grundst\u00fccks, eines Hauses oder &nbsp;einer Eigentumswohnung, unterst\u00fctzt Sie bei der Abwicklung etwaiger Kaufvertr\u00e4ge und beantwortet Ihre Fragen zum Grundst\u00fccksrecht und Immobilienrecht. Das Immobilienrecht beinhaltet zahlreiche Aspekte, wie z.B. den Erwerb, die Bebauung, den Besitz und die Verwaltung der Immobilie. Es bedarf bereits [&hellip;]<\/p>\n","protected":false},"author":1,"featured_media":0,"parent":0,"menu_order":0,"comment_status":"closed","ping_status":"closed","template":"","meta":[],"_links":{"self":[{"href":"https:\/\/rechtsanwalt-deluise.de\/index.php?rest_route=\/wp\/v2\/pages\/73"}],"collection":[{"href":"https:\/\/rechtsanwalt-deluise.de\/index.php?rest_route=\/wp\/v2\/pages"}],"about":[{"href":"https:\/\/rechtsanwalt-deluise.de\/index.php?rest_route=\/wp\/v2\/types\/page"}],"author":[{"embeddable":true,"href":"https:\/\/rechtsanwalt-deluise.de\/index.php?rest_route=\/wp\/v2\/users\/1"}],"replies":[{"embeddable":true,"href":"https:\/\/rechtsanwalt-deluise.de\/index.php?rest_route=%2Fwp%2Fv2%2Fcomments&post=73"}],"version-history":[{"count":3,"href":"https:\/\/rechtsanwalt-deluise.de\/index.php?rest_route=\/wp\/v2\/pages\/73\/revisions"}],"predecessor-version":[{"id":208,"href":"https:\/\/rechtsanwalt-deluise.de\/index.php?rest_route=\/wp\/v2\/pages\/73\/revisions\/208"}],"wp:attachment":[{"href":"https:\/\/rechtsanwalt-deluise.de\/index.php?rest_route=%2Fwp%2Fv2%2Fmedia&parent=73"}],"curies":[{"name":"wp","href":"https:\/\/api.w.org\/{rel}","templated":true}]}}