{"id":30,"date":"2018-12-10T15:02:09","date_gmt":"2018-12-10T14:02:09","guid":{"rendered":"http:\/\/rechtsanwalt-deluise.de\/?page_id=30"},"modified":"2025-08-12T12:15:42","modified_gmt":"2025-08-12T10:15:42","slug":"impressum-kontakt","status":"publish","type":"page","link":"https:\/\/rechtsanwalt-deluise.de\/?page_id=30","title":{"rendered":"Impressum &#038; Kontakt"},"content":{"rendered":"<p>Montag bis Freitag erreichen Sie die Rechtsanwaltskanzlei De Luise von 9:00 Uhr bis 19:00 Uhr durchgehend telefonisch, via Email oder nach Vereinbarung pers\u00f6nlich.<\/p>\n<p><strong><u>Rechtsanwaltskanzlei f\u00fcr Immobilienrecht und Nachbarrecht Marco De Luise \/ Consulenza Legale<br \/>\n<\/u><br \/>\nRechtsanwalt \/ Avvocato Marco De Luise<br \/>\n<\/strong><strong>Niester Stra\u00dfe 24<br \/>\n34260 Kaufungen\u00a0<\/strong><\/p>\n<p>Telefon: +49 173 80 69 77 4<\/p>\n<p>Fax: +49 40 49 21 92 58<\/p>\n<p><strong>info@rechtsanwalt-deluise.de <\/strong><\/p>\n<p><u>Aufsichtsbeh\u00f6rde:<\/u><\/p>\n<p>Rechtsanwaltskammer Kassel<br \/>\nKarth\u00e4userstra\u00dfe 5 a<br \/>\n34117 Kassel<\/p>\n<p>Zugelassen als Rechtsanwalt bei der Rechtsanwaltskammer Kassel, Deutschland.<\/p>\n<p>Es gelten folgende Geb\u00fchren- und Berufsordnungen:<\/p>\n<p>&#8211; Bundesrechtsanwaltsordnung (BRAO)<br \/>\n&#8211; Berufsordnung f\u00fcr Rechtsanw\u00e4lte (BORA)<br \/>\n&#8211; Bundesrechtsanwaltsverg\u00fctungsgesetz (RVG),<br \/>\n&#8211; Standesregelungen der Rechtsanw\u00e4lte in der Europ\u00e4ischen Gemeinschaft (CCBE-Berufsregeln).<\/p>\n<p>S\u00e4mtliche berufsrechtlichen Regelungen sind abrufbar auf der Internetseite der Bundesrechtsanwaltskammer unter <u>http:\/\/www.brak.de\u00a0<\/u>oder <em>auf der Website des Deutschen Anwaltvereins (DAV) abrufbar\u00a0www.anwaltverein.de<\/em><\/p>\n<p><u>Inhaltlich verantwortlich: <\/u><\/p>\n<p><strong>Rechtsanwalt Marco De Luise<\/strong><\/p>\n<p><strong>Copyright<\/strong><\/p>\n<p>Alle auf www.rechtsanwalt-deluise.de ver\u00f6ffentlichten Beitr\u00e4ge unterliegen dem Urheberrecht. Eine Reproduktion in jeglicher Form ist ohne schriftliche Zustimmung seitens www.rechtsanwalt-deluise.de untersagt. Es ist jedoch gestattet, einzelne Beitr\u00e4ge auf www.rechtsanwalt-deluise.de auszugsweise zu zitieren, vorausgesetzt, es erfolgt dabei eine unmissverst\u00e4ndliche Quellenangabe.<\/p>\n<p><strong>Haftungsbeschr\u00e4nkung<\/strong><\/p>\n<p>Mit dem Urteil vom 12. Mai 1998 \u2013 312 O 85\/98 \u2013 \u201cHaftung f\u00fcr Links\u201d \u2013 hat das Landgericht (LG) Hamburg entschieden, dass man durch die Anbringung eines Links, die Inhalte der gelinkten Seite ggf. mit zu verantworten hat. Dies kann \u2013 so das LG \u2013 nur dadurch verhindert werden, dass man sich ausdr\u00fccklich<br \/>\nvon diesen Inhalten distanziert. Diese Erkl\u00e4rung gilt f\u00fcr alle auf diesen Seiten angebrachten Links.<\/p>\n<p><strong>DL-InfoV<\/strong><\/p>\n<p>Der Gesetzgeber verpflichet in der Dienstleistungs-Informationspflichten Verordnung zur Angabe nachfolgender Informationen:<\/p>\n<p>Zust\u00e4ndige Rechtsanwaltskammer: Rechtsanwaltskammer Kassel, Karth\u00e4userstra\u00dfe 5 a, 34117 Kassel<\/p>\n<p>Schlichtungsstelle der Rechtsanwaltschaft: Rauchstra\u00dfe 26, 10787 Berlin,\u00a0<a href=\"http:\/\/www.s-d-r.org\/\">www.s-d-r.org<\/a><\/p>\n","protected":false},"excerpt":{"rendered":"<p>Montag bis Freitag erreichen Sie die Rechtsanwaltskanzlei De Luise von 9:00 Uhr bis 19:00 Uhr durchgehend telefonisch, via Email oder nach Vereinbarung pers\u00f6nlich. Rechtsanwaltskanzlei f\u00fcr Immobilienrecht und Nachbarrecht Marco De Luise \/ Consulenza Legale Rechtsanwalt \/ Avvocato Marco De Luise Niester Stra\u00dfe 24 34260 Kaufungen\u00a0 Telefon: +49 173 80 69 77 4 Fax: +49 40 [&hellip;]<\/p>\n","protected":false},"author":1,"featured_media":0,"parent":0,"menu_order":0,"comment_status":"closed","ping_status":"closed","template":"","meta":[],"_links":{"self":[{"href":"https:\/\/rechtsanwalt-deluise.de\/index.php?rest_route=\/wp\/v2\/pages\/30"}],"collection":[{"href":"https:\/\/rechtsanwalt-deluise.de\/index.php?rest_route=\/wp\/v2\/pages"}],"about":[{"href":"https:\/\/rechtsanwalt-deluise.de\/index.php?rest_route=\/wp\/v2\/types\/page"}],"author":[{"embeddable":true,"href":"https:\/\/rechtsanwalt-deluise.de\/index.php?rest_route=\/wp\/v2\/users\/1"}],"replies":[{"embeddable":true,"href":"https:\/\/rechtsanwalt-deluise.de\/index.php?rest_route=%2Fwp%2Fv2%2Fcomments&post=30"}],"version-history":[{"count":7,"href":"https:\/\/rechtsanwalt-deluise.de\/index.php?rest_route=\/wp\/v2\/pages\/30\/revisions"}],"predecessor-version":[{"id":211,"href":"https:\/\/rechtsanwalt-deluise.de\/index.php?rest_route=\/wp\/v2\/pages\/30\/revisions\/211"}],"wp:attachment":[{"href":"https:\/\/rechtsanwalt-deluise.de\/index.php?rest_route=%2Fwp%2Fv2%2Fmedia&parent=30"}],"curies":[{"name":"wp","href":"https:\/\/api.w.org\/{rel}","templated":true}]}}